{"id":289,"date":"2025-11-29T09:28:05","date_gmt":"2025-11-29T08:28:05","guid":{"rendered":"https:\/\/elariadew.com\/jobs\/"},"modified":"2025-12-14T17:06:27","modified_gmt":"2025-12-14T16:06:27","slug":"jobs","status":"publish","type":"page","link":"https:\/\/elariadew.com\/de\/jobs\/","title":{"rendered":"Jobs"},"content":{"rendered":"<p>[et_pb_section fb_built=&#8220;1&#8243; admin_label=&#8220;section&#8220; _builder_version=&#8220;4.16&#8243; global_colors_info=&#8220;{}&#8220;][et_pb_row admin_label=&#8220;Zeile&#8220; _builder_version=&#8220;4.16&#8243; background_size=&#8220;initial&#8220; background_position=&#8220;top_left&#8220; background_repeat=&#8220;repeat&#8220; global_colors_info=&#8220;{}&#8220;][et_pb_column type=&#8220;4_4&#8243; _builder_version=&#8220;4.16&#8243; custom_padding=&#8220;|||&#8220; global_colors_info=&#8220;{}&#8220; custom_padding__hover=&#8220;|||&#8220;][et_pb_heading title=&#8220;Arbeiten Sie mit uns&#8220; _builder_version=&#8220;4.27.5&#8243; _module_preset=&#8220;default&#8220; title_font_size=&#8220;38px&#8220; global_colors_info=&#8220;{}&#8220;][\/et_pb_heading][et_pb_text _builder_version=&#8220;4.27.5&#8243; _module_preset=&#8220;default&#8220; text_font_size=&#8220;18px&#8220; text_line_height=&#8220;1.3em&#8220; global_colors_info=&#8220;{}&#8220;]<\/p>\n<p style=\"font-weight: 400;\">Bei <strong>Elaria Dew AG<\/strong> widmen wir uns mit Leidenschaft dem <strong>Longevity Management Care<\/strong> \u2013 dem ganzheitlichen Weg von der Menopause zum Menobloom. Unsere Mission: Frauen in einer der bedeutendsten Lebensphasen mit wissenschaftlich fundierten, nat\u00fcrlichen und individuell abgestimmten Nahrungserg\u00e4nzungsmitteln zu begleiten.<\/p>\n<p style=\"font-weight: 400;\">Unsere Produkte und Dienstleitungen sind mehr als nur Begleiter \u2013 sie sind Impulsgeber f\u00fcr neue Vitalit\u00e4t, innere Balance und geistige Klarheit. Wir helfen dabei, Beschwerden hinter sich zu lassen und ein neues Lebensgef\u00fchl voller Energie und Wohlbefinden zu entdecken.<\/p>\n<p>[\/et_pb_text][et_pb_divider show_divider=&#8220;off&#8220; _builder_version=&#8220;4.27.5&#8243; _module_preset=&#8220;default&#8220; global_colors_info=&#8220;{}&#8220;][\/et_pb_divider][et_pb_blurb title=&#8220;Dualer Studiengang (m\/w\/d) &#8211; Personalisierte Ern\u00e4hrung (DHBW Heilbronn)&#8220; content_max_width=&#8220;100%&#8220; _builder_version=&#8220;4.27.5&#8243; _module_preset=&#8220;default&#8220; header_text_color=&#8220;#000000&#8243; header_font_size=&#8220;32px&#8220; header_line_height=&#8220;1.4em&#8220; body_font_size=&#8220;18px&#8220; body_line_height=&#8220;1.3em&#8220; background_color=&#8220;#F5F4F1&#8243; width=&#8220;90%&#8220; module_alignment=&#8220;center&#8220; custom_margin=&#8220;||||false|false&#8220; custom_padding=&#8220;30px|30px|30px|30px|false|false&#8220; border_radii=&#8220;on|10px|10px|10px|10px&#8220; global_colors_info=&#8220;{}&#8220;]<\/p>\n<p><i><span lang=\"DE\">Als Dualer Student (m\/w\/d) im Bereich Personalisierte Ern\u00e4hrung bist Du bei uns voll eingebunden \u2013 mit fach\u00fcbergreifenden Aufgaben, die weit \u00fcber klassisches Studium hinausgehen. Zum Start sind zun\u00e4chst drei Monate am Standort Heilbronn eingeplant und anschlie\u00dfend am Standort Liechtenstein alternierend, d.h. dual und gem\u00e4ss vereinbarter \u201eRoadmap\u201c weiterzuarbeiten.<\/span><\/i><i><span lang=\"DE\"><o:p><\/o:p><\/span><\/i><\/p>\n<p style=\"font-weight: 400;\"><strong>Standort:<\/strong> Remote \/ Liechtenstein \/ projektabh\u00e4ngig vor Ort<\/p>\n<p style=\"font-weight: 400;\"><strong>Start<\/strong>: Oktober 2026<\/p>\n<p style=\"font-weight: 400;\"><strong>Studienmodell<\/strong>: Dual (in Kooperation mit der DHBW Heilbronn)<\/p>\n<p style=\"font-weight: 400;\">\n<p style=\"font-weight: 400;\">\n<p style=\"font-weight: 400;\"><strong>Was erwartet Dich bei uns?<\/strong><\/p>\n<ul style=\"font-weight: 400;\">\n<li>Du lernst, wie \u201eState of the Art\u201c Produkte und Dienstleistungen f\u00fcr die Menopause entwickelt, positioniert und verkauft werden<\/li>\n<li>Du erh\u00e4ltst Einblicke in die Nahrungserg\u00e4nzungsmittelbranche mit Fokus auf Menopause<\/li>\n<li>Du erarbeitest mit uns Strategien und Marketingaktivit\u00e4ten rund um das Thema Longevity Management Care f\u00fcr die Menopause<\/li>\n<li>Du besch\u00e4ftigst Dich mit der Vermarktung von innovativen Produkten und Dienstleistungen (Aufbau digitales Ecosystem) f\u00fcr die Menopause<\/li>\n<li>Du arbeitest mit bei der Produkteinf\u00fchrung<\/li>\n<li>Du hast Kontakt mit Influencer, Client Advisors und Produkt BotschafterInnen etc.<\/li>\n<li>Du nimmst teil an Fachmessen, Kongressen und Expertennetzwerken<\/li>\n<\/ul>\n<p style=\"font-weight: 400;\">\n<p style=\"font-weight: 400;\"><strong>Was bringst Du mit?<\/strong><\/p>\n<ul style=\"font-weight: 400;\">\n<li>Du hast Dich f\u00fcr das duale Studium Personalisierte Ern\u00e4hrung an der DHBW Heilbronn entschieden (oder planst es)<\/li>\n<li>Du bist offen, lernbereit und interessierst Dich f\u00fcr Longivity Management Care, Disruption und Digitalisierung<\/li>\n<li>Du arbeitest gerne im Team und brennst eigene Ideen ein zuzubringen<\/li>\n<li>Sprachkenntnisse in Deutsch und Englisch<\/li>\n<\/ul>\n<p style=\"font-weight: 400;\">\n<p style=\"font-weight: 400;\"><strong>Was bieten wir Dir?<\/strong><\/p>\n<ul style=\"font-weight: 400;\">\n<li>Pers\u00f6nliche Betreuung durch international erfahrenen Mentor<\/li>\n<li>Zugang zu einem relevanten Expertennetzwerk<\/li>\n<li>Dynamisches Umfeld mit viel Gestaltungsspielraum<\/li>\n<li>Flexible Arbeitszeiten und modernste Arbeitsmethoden<\/li>\n<li>Internationales Umfeld (Fokus: DACHLI Region)<\/li>\n<\/ul>\n<p style=\"font-weight: 400;\">\n<p style=\"font-weight: 400;\">\n<p style=\"font-weight: 400;\"><strong>Jetzt kurz bewerben<\/strong><\/p>\n<p style=\"font-weight: 400;\">Schicke uns Deine Unterlagen oder einfach ein kreatives Motivationsschreiben &#8211; was Du f\u00fcr Elaria Dew beitragen kannst &#8211; an <span style=\"color: #000000;\"><strong><a href=\"mailto:hello@elariadew.com\" style=\"color: #000000;\">hello@elariadew.com<\/a><\/strong><\/span> \u2013 es freut uns Dich kennenzulernen.<\/p>\n<p>[\/et_pb_blurb][\/et_pb_column][\/et_pb_row][\/et_pb_section][et_pb_section fb_built=&#8220;1&#8243; _builder_version=&#8220;4.27.4&#8243; _module_preset=&#8220;default&#8220; background_color=&#8220;#000000&#8243; global_colors_info=&#8220;{}&#8220;][et_pb_row column_structure=&#8220;1_4,1_4,1_4,1_4&#8243; _builder_version=&#8220;4.27.4&#8243; _module_preset=&#8220;default&#8220; global_colors_info=&#8220;{}&#8220;][et_pb_column type=&#8220;1_4&#8243; _builder_version=&#8220;4.27.4&#8243; _module_preset=&#8220;default&#8220; global_colors_info=&#8220;{}&#8220;][et_pb_image src=&#8220;https:\/\/elariadew.com\/wp-content\/uploads\/2025\/07\/elariadew_logo_white_720.png&#8220; title_text=&#8220;elariadew_logo_white_720&#8243; _builder_version=&#8220;4.27.4&#8243; _module_preset=&#8220;default&#8220; width=&#8220;50%&#8220; global_colors_info=&#8220;{}&#8220;][\/et_pb_image][\/et_pb_column][et_pb_column type=&#8220;1_4&#8243; _builder_version=&#8220;4.27.4&#8243; _module_preset=&#8220;default&#8220; global_colors_info=&#8220;{}&#8220;][et_pb_text _builder_version=&#8220;4.27.4&#8243; _module_preset=&#8220;default&#8220; header_6_text_color=&#8220;#EFE7DA&#8220; header_6_font_size=&#8220;22px&#8220; background_layout=&#8220;dark&#8220; global_colors_info=&#8220;{}&#8220;]<\/p>\n<h6>Hauptsitz<\/h6>\n<p><strong>Elaria Dew AG<\/strong><br \/>Industriestrasse 46<br \/>FL-9491 Ruggell<br \/>Liechtenstein<\/p>\n<p><strong>hello@elariadew.com<br \/>+423 237 70 78<\/strong><\/p>\n<p>[\/et_pb_text][et_pb_image src=&#8220;https:\/\/elariadew.com\/wp-content\/uploads\/2025\/12\/Fuer-Officeanwendungen-1D.png&#8220; title_text=&#8220;F\u00fcr B\u00fcroanwendungen (1D)&#8220; url=&#8220;https:\/\/bewerbungsportal.heilbronn.dhbw.de\/unternehmen\/profil\/4537&#8243; url_new_window=&#8220;on&#8220; _builder_version=&#8220;4.27.5&#8243; _module_preset=&#8220;default&#8220; width=&#8220;40%&#8220; global_colors_info=&#8220;{}&#8220;][\/et_pb_image][\/et_pb_column][et_pb_column type=&#8220;1_4&#8243; _builder_version=&#8220;4.27.4&#8243; _module_preset=&#8220;default&#8220; global_colors_info=&#8220;{}&#8220;][et_pb_text _builder_version=&#8220;4.27.4&#8243; _module_preset=&#8220;default&#8220; background_layout=&#8220;dark&#8220; global_colors_info=&#8220;{}&#8220;]<\/p>\n<p><strong>M\u00f6chten Sie unsere Produkte kaufen?<br \/><\/strong><strong><a href=\"https:\/\/shop.elariadew.com\">Zu unserem Shop gehen<\/a><\/strong><\/p>\n<p>[\/et_pb_text][et_pb_text _builder_version=&#8220;4.27.4&#8243; _module_preset=&#8220;default&#8220; background_layout=&#8220;dark&#8220; global_colors_info=&#8220;{}&#8220;]<\/p>\n<p><strong>Sind Sie ein Investor?<br \/><\/strong><strong><a href=\"https:\/\/elariadew.com\/de\/fuer-investoren\/\">Klicken Sie hier<\/a><\/strong><\/p>\n<p>[\/et_pb_text][\/et_pb_column][et_pb_column type=&#8220;1_4&#8243; _builder_version=&#8220;4.27.4&#8243; _module_preset=&#8220;default&#8220; global_colors_info=&#8220;{}&#8220;][et_pb_text _builder_version=&#8220;4.27.4&#8243; _module_preset=&#8220;default&#8220; background_layout=&#8220;dark&#8220; global_colors_info=&#8220;{}&#8220;]<\/p>\n<p>Copyright \u00a9 2025 Elaria Dew AG. Alle Rechte sind vorbehalten.<\/p>\n<p><a href=\"https:\/\/www.iubenda.com\/privacy-policy\/79227970\" class=\"iubenda-white no-brand iubenda-noiframe iubenda-embed iubenda-noiframe \" title=\"Datenschutzbestimmungen  \">Datenschutzbestimmungen<\/a><br \/><script type=\"text\/javascript\">(function (w,d) {var loader = function () {var s = d.createElement(\"script\"), tag = d.getElementsByTagName(\"script\")[0]; s.src=\"https:\/\/cdn.iubenda.com\/iubenda.js\"; tag.parentNode.insertBefore(s,tag);}; if(w.addEventListener){w.addEventListener(\"load\", loader, false);}else if(w.attachEvent){w.attachEvent(\"onload\", loader);}else{w.onload = loader;}})(window, document);<\/script>\n<\/p>\n<p><a href=\"https:\/\/www.iubenda.com\/privacy-policy\/79227970\/cookie-policy\" class=\"iubenda-white no-brand iubenda-noiframe iubenda-embed iubenda-noiframe \" title=\"Cookie-Richtlinie  \">Cookie-Richtlinie<\/a><br \/><script type=\"text\/javascript\">(function (w,d) {var loader = function () {var s = d.createElement(\"script\"), tag = d.getElementsByTagName(\"script\")[0]; s.src=\"https:\/\/cdn.iubenda.com\/iubenda.js\"; tag.parentNode.insertBefore(s,tag);}; if(w.addEventListener){w.addEventListener(\"load\", loader, false);}else if(w.attachEvent){w.attachEvent(\"onload\", loader);}else{w.onload = loader;}})(window, document);<\/script>\n<\/p>\n<p>[\/et_pb_text][et_pb_code _builder_version=&#8220;4.27.4&#8243; _module_preset=&#8220;default&#8220; global_colors_info=&#8220;{}&#8220;][\/et_pb_code][\/et_pb_column][\/et_pb_row][\/et_pb_section]<\/p>\n","protected":false},"excerpt":{"rendered":"<p>Bei Elaria Dew AG widmen wir uns mit Leidenschaft dem Longevity Management Care \u2013 dem ganzheitlichen Weg von der Menopause zum Menobloom. Unsere Mission: Frauen in einer der bedeutendsten Lebensphasen mit wissenschaftlich fundierten, nat\u00fcrlichen und individuell abgestimmten Nahrungserg\u00e4nzungsmitteln zu begleiten. Unsere Produkte und Dienstleitungen sind mehr als nur Begleiter \u2013 sie sind Impulsgeber f\u00fcr neue [&hellip;]<\/p>\n","protected":false},"author":1,"featured_media":0,"parent":0,"menu_order":0,"comment_status":"closed","ping_status":"closed","template":"","meta":{"_et_pb_use_builder":"on","_et_pb_old_content":"","_et_gb_content_width":"","footnotes":""},"class_list":["post-289","page","type-page","status-publish","hentry"],"yoast_head":"<!-- This site is optimized with the Yoast SEO plugin v27.4 - https:\/\/yoast.com\/product\/yoast-seo-wordpress\/ -->\n<title>Jobs - Elaria Dew<\/title>\n<meta name=\"robots\" content=\"index, follow, max-snippet:-1, max-image-preview:large, max-video-preview:-1\" \/>\n<link rel=\"canonical\" href=\"https:\/\/elariadew.com\/de\/jobs\/\" \/>\n<meta property=\"og:locale\" content=\"de_DE\" \/>\n<meta property=\"og:type\" content=\"article\" \/>\n<meta property=\"og:title\" content=\"Jobs - Elaria Dew\" \/>\n<meta property=\"og:description\" content=\"Bei Elaria Dew AG widmen wir uns mit Leidenschaft dem Longevity Management Care \u2013 dem ganzheitlichen Weg von der Menopause zum Menobloom. Unsere Mission: Frauen in einer der bedeutendsten Lebensphasen mit wissenschaftlich fundierten, nat\u00fcrlichen und individuell abgestimmten Nahrungserg\u00e4nzungsmitteln zu begleiten. Unsere Produkte und Dienstleitungen sind mehr als nur Begleiter \u2013 sie sind Impulsgeber f\u00fcr neue [&hellip;]\" \/>\n<meta property=\"og:url\" content=\"https:\/\/elariadew.com\/de\/jobs\/\" \/>\n<meta property=\"og:site_name\" content=\"Elaria Dew\" \/>\n<meta property=\"article:modified_time\" content=\"2025-12-14T16:06:27+00:00\" \/>\n<meta name=\"twitter:card\" content=\"summary_large_image\" \/>\n<meta name=\"twitter:label1\" content=\"Gesch\u00e4tzte Lesezeit\" \/>\n\t<meta name=\"twitter:data1\" content=\"4\u00a0Minuten\" \/>\n<script type=\"application\/ld+json\" class=\"yoast-schema-graph\">{\"@context\":\"https:\\\/\\\/schema.org\",\"@graph\":[{\"@type\":\"WebPage\",\"@id\":\"https:\\\/\\\/elariadew.com\\\/de\\\/jobs\\\/\",\"url\":\"https:\\\/\\\/elariadew.com\\\/de\\\/jobs\\\/\",\"name\":\"Jobs - Elaria Dew\",\"isPartOf\":{\"@id\":\"https:\\\/\\\/elariadew.com\\\/de\\\/#website\"},\"datePublished\":\"2025-11-29T08:28:05+00:00\",\"dateModified\":\"2025-12-14T16:06:27+00:00\",\"breadcrumb\":{\"@id\":\"https:\\\/\\\/elariadew.com\\\/de\\\/jobs\\\/#breadcrumb\"},\"inLanguage\":\"de\",\"potentialAction\":[{\"@type\":\"ReadAction\",\"target\":[\"https:\\\/\\\/elariadew.com\\\/de\\\/jobs\\\/\"]}]},{\"@type\":\"BreadcrumbList\",\"@id\":\"https:\\\/\\\/elariadew.com\\\/de\\\/jobs\\\/#breadcrumb\",\"itemListElement\":[{\"@type\":\"ListItem\",\"position\":1,\"name\":\"Home\",\"item\":\"https:\\\/\\\/elariadew.com\\\/de\\\/hauptseite\\\/\"},{\"@type\":\"ListItem\",\"position\":2,\"name\":\"Jobs\"}]},{\"@type\":\"WebSite\",\"@id\":\"https:\\\/\\\/elariadew.com\\\/de\\\/#website\",\"url\":\"https:\\\/\\\/elariadew.com\\\/de\\\/\",\"name\":\"Elaria Dew\",\"description\":\"\",\"publisher\":{\"@id\":\"https:\\\/\\\/elariadew.com\\\/de\\\/#organization\"},\"potentialAction\":[{\"@type\":\"SearchAction\",\"target\":{\"@type\":\"EntryPoint\",\"urlTemplate\":\"https:\\\/\\\/elariadew.com\\\/de\\\/?s={search_term_string}\"},\"query-input\":{\"@type\":\"PropertyValueSpecification\",\"valueRequired\":true,\"valueName\":\"search_term_string\"}}],\"inLanguage\":\"de\"},{\"@type\":\"Organization\",\"@id\":\"https:\\\/\\\/elariadew.com\\\/de\\\/#organization\",\"name\":\"Elaria Dew\",\"url\":\"https:\\\/\\\/elariadew.com\\\/de\\\/\",\"logo\":{\"@type\":\"ImageObject\",\"inLanguage\":\"de\",\"@id\":\"https:\\\/\\\/elariadew.com\\\/de\\\/#\\\/schema\\\/logo\\\/image\\\/\",\"url\":\"https:\\\/\\\/elariadew.com\\\/wp-content\\\/uploads\\\/2025\\\/07\\\/elariadew_logo_black_720.png\",\"contentUrl\":\"https:\\\/\\\/elariadew.com\\\/wp-content\\\/uploads\\\/2025\\\/07\\\/elariadew_logo_black_720.png\",\"width\":720,\"height\":556,\"caption\":\"Elaria Dew\"},\"image\":{\"@id\":\"https:\\\/\\\/elariadew.com\\\/de\\\/#\\\/schema\\\/logo\\\/image\\\/\"}}]}<\/script>\n<!-- \/ Yoast SEO plugin. -->","yoast_head_json":{"title":"Jobs - Elaria Dew","robots":{"index":"index","follow":"follow","max-snippet":"max-snippet:-1","max-image-preview":"max-image-preview:large","max-video-preview":"max-video-preview:-1"},"canonical":"https:\/\/elariadew.com\/de\/jobs\/","og_locale":"de_DE","og_type":"article","og_title":"Jobs - Elaria Dew","og_description":"Bei Elaria Dew AG widmen wir uns mit Leidenschaft dem Longevity Management Care \u2013 dem ganzheitlichen Weg von der Menopause zum Menobloom. Unsere Mission: Frauen in einer der bedeutendsten Lebensphasen mit wissenschaftlich fundierten, nat\u00fcrlichen und individuell abgestimmten Nahrungserg\u00e4nzungsmitteln zu begleiten. Unsere Produkte und Dienstleitungen sind mehr als nur Begleiter \u2013 sie sind Impulsgeber f\u00fcr neue [&hellip;]","og_url":"https:\/\/elariadew.com\/de\/jobs\/","og_site_name":"Elaria Dew","article_modified_time":"2025-12-14T16:06:27+00:00","twitter_card":"summary_large_image","twitter_misc":{"Gesch\u00e4tzte Lesezeit":"4\u00a0Minuten"},"schema":{"@context":"https:\/\/schema.org","@graph":[{"@type":"WebPage","@id":"https:\/\/elariadew.com\/de\/jobs\/","url":"https:\/\/elariadew.com\/de\/jobs\/","name":"Jobs - Elaria Dew","isPartOf":{"@id":"https:\/\/elariadew.com\/de\/#website"},"datePublished":"2025-11-29T08:28:05+00:00","dateModified":"2025-12-14T16:06:27+00:00","breadcrumb":{"@id":"https:\/\/elariadew.com\/de\/jobs\/#breadcrumb"},"inLanguage":"de","potentialAction":[{"@type":"ReadAction","target":["https:\/\/elariadew.com\/de\/jobs\/"]}]},{"@type":"BreadcrumbList","@id":"https:\/\/elariadew.com\/de\/jobs\/#breadcrumb","itemListElement":[{"@type":"ListItem","position":1,"name":"Home","item":"https:\/\/elariadew.com\/de\/hauptseite\/"},{"@type":"ListItem","position":2,"name":"Jobs"}]},{"@type":"WebSite","@id":"https:\/\/elariadew.com\/de\/#website","url":"https:\/\/elariadew.com\/de\/","name":"Elaria Dew","description":"","publisher":{"@id":"https:\/\/elariadew.com\/de\/#organization"},"potentialAction":[{"@type":"SearchAction","target":{"@type":"EntryPoint","urlTemplate":"https:\/\/elariadew.com\/de\/?s={search_term_string}"},"query-input":{"@type":"PropertyValueSpecification","valueRequired":true,"valueName":"search_term_string"}}],"inLanguage":"de"},{"@type":"Organization","@id":"https:\/\/elariadew.com\/de\/#organization","name":"Elaria Dew","url":"https:\/\/elariadew.com\/de\/","logo":{"@type":"ImageObject","inLanguage":"de","@id":"https:\/\/elariadew.com\/de\/#\/schema\/logo\/image\/","url":"https:\/\/elariadew.com\/wp-content\/uploads\/2025\/07\/elariadew_logo_black_720.png","contentUrl":"https:\/\/elariadew.com\/wp-content\/uploads\/2025\/07\/elariadew_logo_black_720.png","width":720,"height":556,"caption":"Elaria Dew"},"image":{"@id":"https:\/\/elariadew.com\/de\/#\/schema\/logo\/image\/"}}]}},"_links":{"self":[{"href":"https:\/\/elariadew.com\/de\/wp-json\/wp\/v2\/pages\/289","targetHints":{"allow":["GET"]}}],"collection":[{"href":"https:\/\/elariadew.com\/de\/wp-json\/wp\/v2\/pages"}],"about":[{"href":"https:\/\/elariadew.com\/de\/wp-json\/wp\/v2\/types\/page"}],"author":[{"embeddable":true,"href":"https:\/\/elariadew.com\/de\/wp-json\/wp\/v2\/users\/1"}],"replies":[{"embeddable":true,"href":"https:\/\/elariadew.com\/de\/wp-json\/wp\/v2\/comments?post=289"}],"version-history":[{"count":28,"href":"https:\/\/elariadew.com\/de\/wp-json\/wp\/v2\/pages\/289\/revisions"}],"predecessor-version":[{"id":351,"href":"https:\/\/elariadew.com\/de\/wp-json\/wp\/v2\/pages\/289\/revisions\/351"}],"wp:attachment":[{"href":"https:\/\/elariadew.com\/de\/wp-json\/wp\/v2\/media?parent=289"}],"curies":[{"name":"wp","href":"https:\/\/api.w.org\/{rel}","templated":true}]}}