{"id":278,"date":"2025-08-22T16:51:32","date_gmt":"2025-08-22T14:51:32","guid":{"rendered":"https:\/\/elariadew.com\/fuer-investoren\/"},"modified":"2025-12-23T12:58:38","modified_gmt":"2025-12-23T11:58:38","slug":"fuer-investoren","status":"publish","type":"page","link":"https:\/\/elariadew.com\/de\/fuer-investoren\/","title":{"rendered":"F\u00fcr Investoren"},"content":{"rendered":"<p>[et_pb_section fb_built=&#8220;1&#8243; fullwidth=&#8220;on&#8220; _builder_version=&#8220;4.27.4&#8243; _module_preset=&#8220;default&#8220; global_colors_info=&#8220;{}&#8220;][et_pb_fullwidth_header title=&#8220;Investieren Sie in Elaria Dew&#039;s Menobloom Revolution&#8220; subhead=&#8220;Wir nehmen in unserer ersten Finanzierungstranche Kapital auf, um unsere nat\u00fcrlichen, wissenschaftlich fundierten L\u00f6sungen f\u00fcr die Menopause f\u00fcr Frauen \u00fcber 40 weltweit zu skalieren.&#8220; text_orientation=&#8220;center&#8220; header_fullscreen=&#8220;on&#8220; header_scroll_down=&#8220;on&#8220; scroll_down_icon=&#8220;%%2%%&#8220; scroll_down_icon_color=&#8220;#FFFFFF&#8220; button_one_text=&#8220;Investor Deck herunterladen&#8220; button_one_url=&#8220;#cta&#8220; button_two_text=&#8220;Vereinbaren Sie ein vertrauliches Gespr\u00e4ch&#8220; button_two_url=&#8220;#cta&#8220; background_overlay_color=&#8220;rgba(239,231,218,0.5)&#8220; _builder_version=&#8220;4.27.4&#8243; _module_preset=&#8220;default&#8220; title_text_color=&#8220;#000000&#8243; title_font_size=&#8220;64px&#8220; title_line_height=&#8220;1.2em&#8220; subhead_font=&#8220;||||||||&#8220; subhead_font_size=&#8220;32px&#8220; subhead_line_height=&#8220;1.2em&#8220; background_enable_color=&#8220;off&#8220; background_image=&#8220;https:\/\/elariadew.com\/wp-content\/uploads\/2025\/08\/researchers-with-clipboard-biotechnology-laboratory-scaled.jpg&#8220; custom_button_one=&#8220;on&#8220; button_one_text_color=&#8220;#FFFFFF&#8220; button_one_bg_color=&#8220;#000000&#8243; button_one_border_color=&#8220;#000000&#8243; button_one_icon=&#8220;&#xe092;||divi||400&#8243; button_one_icon_color=&#8220;#FFFFFF&#8220; button_one_on_hover=&#8220;off&#8220; custom_button_two=&#8220;on&#8220; button_two_text_color=&#8220;#FFFFFF&#8220; button_two_bg_color=&#8220;#000000&#8243; button_two_border_color=&#8220;#000000&#8243; button_two_icon=&#8220;&#xf073;||fa||400&#8243; button_two_icon_color=&#8220;#FFFFFF&#8220; button_two_on_hover=&#8220;off&#8220; background_layout=&#8220;light&#8220; title_font_size_tablet=&#8220;64px&#8220; title_font_size_phone=&#8220;40px&#8220; title_font_size_last_edited=&#8220;on|phone&#8220; subhead_font_size_tablet=&#8220;32px&#8220; subhead_font_size_phone=&#8220;24px&#8220; subhead_font_size_last_edited=&#8220;on|phone&#8220; custom_css_free_form=&#8220;selector h1 {||\tpadding: 0px 0px 50px 0px;||}||||selector div {||\tpadding: 0px 0px 50px 0px;||}&#8220; global_colors_info=&#8220;{}&#8220;][\/et_pb_fullwidth_header][\/et_pb_section][et_pb_section fb_built=&#8220;1&#8243; _builder_version=&#8220;4.27.4&#8243; _module_preset=&#8220;default&#8220; custom_padding=&#8220;150px||150px||false|false&#8220; global_colors_info=&#8220;{}&#8220;][et_pb_row _builder_version=&#8220;4.27.4&#8243; _module_preset=&#8220;default&#8220; global_colors_info=&#8220;{}&#8220;][et_pb_column type=&#8220;4_4&#8243; _builder_version=&#8220;4.27.4&#8243; _module_preset=&#8220;default&#8220; global_colors_info=&#8220;{}&#8220;][et_pb_text _builder_version=&#8220;4.27.4&#8243; _module_preset=&#8220;default&#8220; text_font=&#8220;||||||||&#8220; text_font_size=&#8220;36px&#8220; text_line_height=&#8220;1.2em&#8220; header_2_font=&#8220;|600|||||||&#8220; header_2_text_color=&#8220;#000000&#8243; header_2_font_size=&#8220;64px&#8220; header_2_line_height=&#8220;1.3em&#8220; text_orientation=&#8220;center&#8220; header_2_font_size_tablet=&#8220;64px&#8220; header_2_font_size_phone=&#8220;44px&#8220; header_2_font_size_last_edited=&#8220;on|phone&#8220; global_colors_info=&#8220;{}&#8220;]<\/p>\n<h2>Von der Menopause zur Menobloom<\/h2>\n<p>[\/et_pb_text][et_pb_text _builder_version=&#8220;4.27.4&#8243; _module_preset=&#8220;default&#8220; text_font=&#8220;||||||||&#8220; text_font_size=&#8220;42px&#8220; text_line_height=&#8220;1.3em&#8220; text_orientation=&#8220;center&#8220; custom_padding=&#8220;50px||||false|false&#8220; text_font_size_tablet=&#8220;42px&#8220; text_font_size_phone=&#8220;28px&#8220; text_font_size_last_edited=&#8220;on|phone&#8220; global_colors_info=&#8220;{}&#8220;]<\/p>\n<p>Viel zu lange wurde die Menopause mit Verlust und Einschr\u00e4nkung assoziiert.<\/p>\n<p>Wir von Elaria Dew sehen eine andere Zukunft: eine, in der jede Frau mit nat\u00fcrlichen, wissenschaftlich fundierten L\u00f6sungen, die Vitalit\u00e4t, Selbstvertrauen und Langlebigkeit f\u00f6rdern, erfolgreich sein kann.<\/p>\n<p><strong>Unser Ziel ist es, die Wechseljahre in einen positiven neuen Lebensabschnitt zu verwandeln: eine echte Menobloom.<\/strong><\/p>\n<p>[\/et_pb_text][\/et_pb_column][\/et_pb_row][\/et_pb_section][et_pb_section fb_built=&#8220;1&#8243; _builder_version=&#8220;4.27.4&#8243; _module_preset=&#8220;default&#8220; background_color=&#8220;#000000&#8243; custom_padding=&#8220;200px||200px||false|false&#8220; global_colors_info=&#8220;{}&#8220;][et_pb_row _builder_version=&#8220;4.27.4&#8243; _module_preset=&#8220;default&#8220; custom_padding=&#8220;||100px||false|false&#8220; global_colors_info=&#8220;{}&#8220;][et_pb_column type=&#8220;4_4&#8243; _builder_version=&#8220;4.27.4&#8243; _module_preset=&#8220;default&#8220; global_colors_info=&#8220;{}&#8220;][et_pb_text _builder_version=&#8220;4.27.4&#8243; _module_preset=&#8220;default&#8220; text_font=&#8220;||||||||&#8220; text_font_size=&#8220;36px&#8220; text_line_height=&#8220;1.2em&#8220; header_text_align=&#8220;center&#8220; header_2_font=&#8220;|600|||||||&#8220; header_2_text_color=&#8220;#FFFFFF&#8220; header_2_font_size=&#8220;64px&#8220; header_2_line_height=&#8220;1.3em&#8220; text_orientation=&#8220;center&#8220; header_2_font_size_tablet=&#8220;64px&#8220; header_2_font_size_phone=&#8220;44px&#8220; header_2_font_size_last_edited=&#8220;on|phone&#8220; global_colors_info=&#8220;{}&#8220;]<\/p>\n<h2>Die Zeit f\u00fcr Ver\u00e4nderung ist jetzt<\/h2>\n<p>[\/et_pb_text][\/et_pb_column][\/et_pb_row][et_pb_row column_structure=&#8220;1_3,1_3,1_3&#8243; make_equal=&#8220;on&#8220; _builder_version=&#8220;4.27.4&#8243; _module_preset=&#8220;default&#8220; global_colors_info=&#8220;{}&#8220;][et_pb_column type=&#8220;1_3&#8243; _builder_version=&#8220;4.27.4&#8243; _module_preset=&#8220;default&#8220; background_color=&#8220;#BFA597&#8243; custom_padding=&#8220;30px|30px|30px|30px|false|false&#8220; border_radii=&#8220;on|10px|10px|10px|10px&#8220; global_colors_info=&#8220;{}&#8220;][et_pb_text _builder_version=&#8220;4.27.4&#8243; _module_preset=&#8220;default&#8220; text_text_color=&#8220;#F5F4F1&#8243; text_font_size=&#8220;28px&#8220; text_line_height=&#8220;1.3em&#8220; text_orientation=&#8220;center&#8220; global_colors_info=&#8220;{}&#8220;]<\/p>\n<p data-start=\"1335\" data-end=\"1393\">Eine globale Generation von Frauen fordert bessere L\u00f6sungen.<\/p>\n<p>[\/et_pb_text][\/et_pb_column][et_pb_column type=&#8220;1_3&#8243; _builder_version=&#8220;4.27.4&#8243; _module_preset=&#8220;default&#8220; background_color=&#8220;#BFA597&#8243; custom_padding=&#8220;30px|30px|30px|30px|false|false&#8220; border_radii=&#8220;on|10px|10px|10px|10px&#8220; global_colors_info=&#8220;{}&#8220;][et_pb_text _builder_version=&#8220;4.27.4&#8243; _module_preset=&#8220;default&#8220; text_text_color=&#8220;#F5F4F1&#8243; text_font_size=&#8220;28px&#8220; text_line_height=&#8220;1.3em&#8220; text_orientation=&#8220;center&#8220; global_colors_info=&#8220;{}&#8220;]<\/p>\n<p data-start=\"1335\" data-end=\"1393\">Ein Markt, der mit nat\u00fcrlicher, eleganter, wissenschaftlich fundierter Pflege unterversorgt ist.<\/p>\n<p>[\/et_pb_text][\/et_pb_column][et_pb_column type=&#8220;1_3&#8243; _builder_version=&#8220;4.27.4&#8243; _module_preset=&#8220;default&#8220; background_color=&#8220;#BFA597&#8243; custom_padding=&#8220;30px|30px|30px|30px|false|false&#8220; border_radii=&#8220;on|10px|10px|10px|10px&#8220; global_colors_info=&#8220;{}&#8220;][et_pb_text _builder_version=&#8220;4.27.4&#8243; _module_preset=&#8220;default&#8220; text_text_color=&#8220;#F5F4F1&#8243; text_font_size=&#8220;28px&#8220; text_line_height=&#8220;1.3em&#8220; text_orientation=&#8220;center&#8220; global_colors_info=&#8220;{}&#8220;]<\/p>\n<p data-start=\"1335\" data-end=\"1393\">Elaria Dew befindet sich an der Schnittstelle zwischen <strong>Longevity<\/strong>, Wellness und Innovation.<\/p>\n<p>[\/et_pb_text][\/et_pb_column][\/et_pb_row][\/et_pb_section][et_pb_section fb_built=&#8220;1&#8243; _builder_version=&#8220;4.27.4&#8243; _module_preset=&#8220;default&#8220; global_colors_info=&#8220;{}&#8220;][et_pb_row _builder_version=&#8220;4.27.4&#8243; _module_preset=&#8220;default&#8220; global_colors_info=&#8220;{}&#8220;][et_pb_column type=&#8220;4_4&#8243; _builder_version=&#8220;4.27.4&#8243; _module_preset=&#8220;default&#8220; global_colors_info=&#8220;{}&#8220;][et_pb_text _builder_version=&#8220;4.27.4&#8243; _module_preset=&#8220;default&#8220; text_font=&#8220;||||||||&#8220; text_font_size=&#8220;36px&#8220; text_line_height=&#8220;1.3em&#8220; header_text_align=&#8220;center&#8220; header_2_font=&#8220;|600|||||||&#8220; header_2_text_color=&#8220;#000000&#8243; header_2_font_size=&#8220;64px&#8220; header_2_line_height=&#8220;1.3em&#8220; text_orientation=&#8220;center&#8220; header_2_font_last_edited=&#8220;off|phone&#8220; header_2_font_size_tablet=&#8220;64px&#8220; header_2_font_size_phone=&#8220;44px&#8220; header_2_font_size_last_edited=&#8220;on|phone&#8220; global_colors_info=&#8220;{}&#8220;]<\/p>\n<h2>Gestalten Sie mit uns die Zukunft der Frauengesundheit<\/h2>\n<p>[\/et_pb_text][et_pb_text _builder_version=&#8220;4.27.4&#8243; _module_preset=&#8220;default&#8220; text_font=&#8220;||||||||&#8220; text_font_size=&#8220;42px&#8220; text_line_height=&#8220;1.3em&#8220; text_orientation=&#8220;center&#8220; custom_padding=&#8220;50px||||false|false&#8220; text_font_size_tablet=&#8220;42px&#8220; text_font_size_phone=&#8220;30px&#8220; text_font_size_last_edited=&#8220;on|phone&#8220; global_colors_info=&#8220;{}&#8220;]<\/p>\n<p>Wir sind dabei, unser erstes Kapital zu beschaffen. Alle Einzelheiten finden Sie in unseren vertraulichen Unterlagen f\u00fcr Investoren.<strong><\/strong><\/p>\n<p>[\/et_pb_text][\/et_pb_column][\/et_pb_row][et_pb_row column_structure=&#8220;1_2,1_2&#8243; use_custom_gutter=&#8220;on&#8220; gutter_width=&#8220;2&#8243; make_equal=&#8220;on&#8220; module_id=&#8220;cta&#8220; _builder_version=&#8220;4.27.4&#8243; _module_preset=&#8220;default&#8220; global_colors_info=&#8220;{}&#8220;][et_pb_column type=&#8220;1_2&#8243; _builder_version=&#8220;4.27.4&#8243; _module_preset=&#8220;default&#8220; background_color=&#8220;#000000&#8243; custom_padding=&#8220;20px|20px|20px|20px|false|false&#8220; border_radii=&#8220;on|10px|10px|10px|10px&#8220; global_colors_info=&#8220;{}&#8220;][et_pb_signup provider=&#8220;sendinblue&#8220; sendinblue_list=&#8220;Brevo &#8211; Investors|5&#8243; success_message=&#8220;Vielen Dank f\u00fcr Ihr Interesse an Elaria Dew. Wir haben Ihre Anfrage erhalten und werden Ihnen in K\u00fcrze unser hochkar\u00e4tiges Pitchdeck f\u00fcr Investoren per E-Mail zusenden.&#8220; title=&#8220;Pitch Deck herunterladen&#8220; button_text=&#8220;Download des Pitch Decks&#8220; description=&#8220;<\/p>\n<p>Erhalten Sie exklusiven Zugang zu unserer hochkar\u00e4tigen Investorenpr\u00e4sentation und erfahren Sie, wie Elaria Dew die Menopause in Menobloom verwandelt.<\/p>\n<p>&#8220; footer_content=&#8220;<\/p>\n<p>Indem Sie auf <em data-start=%2292%22 data-end=%22102%22>Download des Pitch Decks<\/em> klicken, stimmen Sie der Verarbeitung Ihrer pers\u00f6nlichen Daten zu, die ausschlie\u00dflich dem Zweck dient, Ihnen das Investor Pitch Deck von Elaria Dew in \u00dcbereinstimmung mit unserer Datenschutzrichtlinie zur Verf\u00fcgung zu stellen.<\/p>\n<p>&#8220; _builder_version=&#8220;4.27.4&#8243; _module_preset=&#8220;default&#8220; form_field_background_color=&#8220;#F5F4F1&#8243; form_field_text_color=&#8220;#000000&#8243; header_font_size=&#8220;36px&#8220; header_line_height=&#8220;1.3em&#8220; body_font_size=&#8220;18px&#8220; body_line_height=&#8220;1.3em&#8220; result_message_font=&#8220;&#8211;et_global_body_font||||||||&#8220; result_message_font_size=&#8220;22px&#8220; result_message_line_height=&#8220;1.3em&#8220; background_enable_color=&#8220;off&#8220; custom_button=&#8220;on&#8220; button_icon=&#8220;&#xe092;||divi||400&#8243; button_on_hover=&#8220;off&#8220; header_text_align_tablet=&#8220;&#8220; header_text_align_phone=&#8220;center&#8220; header_text_align_last_edited=&#8220;on|phone&#8220; body_text_align_tablet=&#8220;&#8220; body_text_align_phone=&#8220;center&#8220; body_text_align_last_edited=&#8220;on|phone&#8220; custom_css_free_form=&#8220;selector h2 {||  padding: 0px 0px 36px 0px;||}||||selector div {||  padding: 0px 0px 10px 0px;||}&#8220; global_colors_info=&#8220;{}&#8220;][\/et_pb_signup][\/et_pb_column][et_pb_column type=&#8220;1_2&#8243; _builder_version=&#8220;4.27.4&#8243; _module_preset=&#8220;default&#8220; background_color=&#8220;#000000&#8243; custom_padding=&#8220;20px|20px|20px|20px|false|false&#8220; border_radii=&#8220;on|10px|10px|10px|10px&#8220; global_colors_info=&#8220;{}&#8220;][et_pb_heading title=&#8220;Buchen Sie ein vertrauliches Gespr\u00e4ch&#8220; _builder_version=&#8220;4.27.4&#8243; _module_preset=&#8220;default&#8220; title_level=&#8220;h2&#8243; title_text_color=&#8220;#FFFFFF&#8220; title_font_size=&#8220;36px&#8220; title_line_height=&#8220;1.3em&#8220; custom_padding=&#8220;24px||||false|false&#8220; title_text_align_tablet=&#8220;&#8220; title_text_align_phone=&#8220;center&#8220; title_text_align_last_edited=&#8220;on|phone&#8220; global_colors_info=&#8220;{}&#8220;][\/et_pb_heading][et_pb_text _builder_version=&#8220;4.27.4&#8243; _module_preset=&#8220;default&#8220; text_text_color=&#8220;#FFFFFF&#8220; text_font_size=&#8220;18px&#8220; text_line_height=&#8220;1.3em&#8220; text_orientation_tablet=&#8220;&#8220; text_orientation_phone=&#8220;center&#8220; text_orientation_last_edited=&#8220;on|phone&#8220; global_colors_info=&#8220;{}&#8220;]<\/p>\n<p>Vereinbaren Sie ein pers\u00f6nliches Gespr\u00e4ch mit unserem F\u00fchrungsteam, um die M\u00f6glichkeiten hinter Elaria Dew zu erkunden.<\/p>\n<p>[\/et_pb_text][et_pb_button button_text=&#8220;Vereinbaren Sie ein vertrauliches Gespr\u00e4ch&#8220; _builder_version=&#8220;4.27.4&#8243; _module_preset=&#8220;default&#8220; button_url=&#8220;https:\/\/calendly.com\/hello-elariadew\/free-consultation&#8220; url_new_window=&#8220;on&#8220; hover_enabled=&#8220;0&#8243; sticky_enabled=&#8220;0&#8243;][\/et_pb_button][\/et_pb_column][\/et_pb_row][\/et_pb_section][et_pb_section fb_built=&#8220;1&#8243; _builder_version=&#8220;4.27.4&#8243; _module_preset=&#8220;default&#8220; custom_padding=&#8220;50px||50px||false|false&#8220; global_colors_info=&#8220;{}&#8220;][et_pb_row _builder_version=&#8220;4.27.4&#8243; _module_preset=&#8220;default&#8220; global_colors_info=&#8220;{}&#8220;][et_pb_column type=&#8220;4_4&#8243; _builder_version=&#8220;4.27.4&#8243; _module_preset=&#8220;default&#8220; global_colors_info=&#8220;{}&#8220;][et_pb_text _builder_version=&#8220;4.27.4&#8243; _module_preset=&#8220;default&#8220; text_font_size=&#8220;20px&#8220; text_orientation=&#8220;center&#8220; global_colors_info=&#8220;{}&#8220;]<\/p>\n<p>Diese Seite dient nur zu Informationszwecken. Alle Details sind unter NDA und in unseren Investorenunterlagen verf\u00fcgbar.<\/p>\n<p>[\/et_pb_text][\/et_pb_column][\/et_pb_row][\/et_pb_section]<\/p>\n","protected":false},"excerpt":{"rendered":"<p>Von der Menopause zur MenobloomViel zu lange wurde die Menopause mit Verlust und Einschr\u00e4nkung assoziiert. Wir von Elaria Dew sehen eine andere Zukunft: eine, in der jede Frau mit nat\u00fcrlichen, wissenschaftlich fundierten L\u00f6sungen, die Vitalit\u00e4t, Selbstvertrauen und Langlebigkeit f\u00f6rdern, erfolgreich sein kann. Unser Ziel ist es, die Wechseljahre in einen positiven neuen Lebensabschnitt zu verwandeln: [&hellip;]<\/p>\n","protected":false},"author":2,"featured_media":0,"parent":0,"menu_order":0,"comment_status":"closed","ping_status":"closed","template":"","meta":{"_et_pb_use_builder":"on","_et_pb_old_content":"","_et_gb_content_width":"","footnotes":""},"class_list":["post-278","page","type-page","status-publish","hentry"],"yoast_head":"<!-- This site is optimized with the Yoast SEO plugin v27.4 - https:\/\/yoast.com\/product\/yoast-seo-wordpress\/ -->\n<title>F\u00fcr Investoren - Elaria Dew<\/title>\n<meta name=\"robots\" content=\"index, follow, max-snippet:-1, max-image-preview:large, max-video-preview:-1\" \/>\n<link rel=\"canonical\" href=\"https:\/\/elariadew.com\/de\/fuer-investoren\/\" \/>\n<meta property=\"og:locale\" content=\"de_DE\" \/>\n<meta property=\"og:type\" content=\"article\" \/>\n<meta property=\"og:title\" content=\"F\u00fcr Investoren - Elaria Dew\" \/>\n<meta property=\"og:description\" content=\"Von der Menopause zur MenobloomViel zu lange wurde die Menopause mit Verlust und Einschr\u00e4nkung assoziiert. Wir von Elaria Dew sehen eine andere Zukunft: eine, in der jede Frau mit nat\u00fcrlichen, wissenschaftlich fundierten L\u00f6sungen, die Vitalit\u00e4t, Selbstvertrauen und Langlebigkeit f\u00f6rdern, erfolgreich sein kann. Unser Ziel ist es, die Wechseljahre in einen positiven neuen Lebensabschnitt zu verwandeln: [&hellip;]\" \/>\n<meta property=\"og:url\" content=\"https:\/\/elariadew.com\/de\/fuer-investoren\/\" \/>\n<meta property=\"og:site_name\" content=\"Elaria Dew\" \/>\n<meta property=\"article:modified_time\" content=\"2025-12-23T11:58:38+00:00\" \/>\n<meta name=\"twitter:card\" content=\"summary_large_image\" \/>\n<meta name=\"twitter:label1\" content=\"Gesch\u00e4tzte Lesezeit\" \/>\n\t<meta name=\"twitter:data1\" content=\"8\u00a0Minuten\" \/>\n<script type=\"application\/ld+json\" class=\"yoast-schema-graph\">{\"@context\":\"https:\\\/\\\/schema.org\",\"@graph\":[{\"@type\":\"WebPage\",\"@id\":\"https:\\\/\\\/elariadew.com\\\/de\\\/fuer-investoren\\\/\",\"url\":\"https:\\\/\\\/elariadew.com\\\/de\\\/fuer-investoren\\\/\",\"name\":\"F\u00fcr Investoren - Elaria Dew\",\"isPartOf\":{\"@id\":\"https:\\\/\\\/elariadew.com\\\/de\\\/#website\"},\"datePublished\":\"2025-08-22T14:51:32+00:00\",\"dateModified\":\"2025-12-23T11:58:38+00:00\",\"breadcrumb\":{\"@id\":\"https:\\\/\\\/elariadew.com\\\/de\\\/fuer-investoren\\\/#breadcrumb\"},\"inLanguage\":\"de\",\"potentialAction\":[{\"@type\":\"ReadAction\",\"target\":[\"https:\\\/\\\/elariadew.com\\\/de\\\/fuer-investoren\\\/\"]}]},{\"@type\":\"BreadcrumbList\",\"@id\":\"https:\\\/\\\/elariadew.com\\\/de\\\/fuer-investoren\\\/#breadcrumb\",\"itemListElement\":[{\"@type\":\"ListItem\",\"position\":1,\"name\":\"Home\",\"item\":\"https:\\\/\\\/elariadew.com\\\/de\\\/hauptseite\\\/\"},{\"@type\":\"ListItem\",\"position\":2,\"name\":\"F\u00fcr Investoren\"}]},{\"@type\":\"WebSite\",\"@id\":\"https:\\\/\\\/elariadew.com\\\/de\\\/#website\",\"url\":\"https:\\\/\\\/elariadew.com\\\/de\\\/\",\"name\":\"Elaria Dew\",\"description\":\"\",\"publisher\":{\"@id\":\"https:\\\/\\\/elariadew.com\\\/de\\\/#organization\"},\"potentialAction\":[{\"@type\":\"SearchAction\",\"target\":{\"@type\":\"EntryPoint\",\"urlTemplate\":\"https:\\\/\\\/elariadew.com\\\/de\\\/?s={search_term_string}\"},\"query-input\":{\"@type\":\"PropertyValueSpecification\",\"valueRequired\":true,\"valueName\":\"search_term_string\"}}],\"inLanguage\":\"de\"},{\"@type\":\"Organization\",\"@id\":\"https:\\\/\\\/elariadew.com\\\/de\\\/#organization\",\"name\":\"Elaria Dew\",\"url\":\"https:\\\/\\\/elariadew.com\\\/de\\\/\",\"logo\":{\"@type\":\"ImageObject\",\"inLanguage\":\"de\",\"@id\":\"https:\\\/\\\/elariadew.com\\\/de\\\/#\\\/schema\\\/logo\\\/image\\\/\",\"url\":\"https:\\\/\\\/elariadew.com\\\/wp-content\\\/uploads\\\/2025\\\/07\\\/elariadew_logo_black_720.png\",\"contentUrl\":\"https:\\\/\\\/elariadew.com\\\/wp-content\\\/uploads\\\/2025\\\/07\\\/elariadew_logo_black_720.png\",\"width\":720,\"height\":556,\"caption\":\"Elaria Dew\"},\"image\":{\"@id\":\"https:\\\/\\\/elariadew.com\\\/de\\\/#\\\/schema\\\/logo\\\/image\\\/\"}}]}<\/script>\n<!-- \/ Yoast SEO plugin. -->","yoast_head_json":{"title":"F\u00fcr Investoren - Elaria Dew","robots":{"index":"index","follow":"follow","max-snippet":"max-snippet:-1","max-image-preview":"max-image-preview:large","max-video-preview":"max-video-preview:-1"},"canonical":"https:\/\/elariadew.com\/de\/fuer-investoren\/","og_locale":"de_DE","og_type":"article","og_title":"F\u00fcr Investoren - Elaria Dew","og_description":"Von der Menopause zur MenobloomViel zu lange wurde die Menopause mit Verlust und Einschr\u00e4nkung assoziiert. Wir von Elaria Dew sehen eine andere Zukunft: eine, in der jede Frau mit nat\u00fcrlichen, wissenschaftlich fundierten L\u00f6sungen, die Vitalit\u00e4t, Selbstvertrauen und Langlebigkeit f\u00f6rdern, erfolgreich sein kann. Unser Ziel ist es, die Wechseljahre in einen positiven neuen Lebensabschnitt zu verwandeln: [&hellip;]","og_url":"https:\/\/elariadew.com\/de\/fuer-investoren\/","og_site_name":"Elaria Dew","article_modified_time":"2025-12-23T11:58:38+00:00","twitter_card":"summary_large_image","twitter_misc":{"Gesch\u00e4tzte Lesezeit":"8\u00a0Minuten"},"schema":{"@context":"https:\/\/schema.org","@graph":[{"@type":"WebPage","@id":"https:\/\/elariadew.com\/de\/fuer-investoren\/","url":"https:\/\/elariadew.com\/de\/fuer-investoren\/","name":"F\u00fcr Investoren - Elaria Dew","isPartOf":{"@id":"https:\/\/elariadew.com\/de\/#website"},"datePublished":"2025-08-22T14:51:32+00:00","dateModified":"2025-12-23T11:58:38+00:00","breadcrumb":{"@id":"https:\/\/elariadew.com\/de\/fuer-investoren\/#breadcrumb"},"inLanguage":"de","potentialAction":[{"@type":"ReadAction","target":["https:\/\/elariadew.com\/de\/fuer-investoren\/"]}]},{"@type":"BreadcrumbList","@id":"https:\/\/elariadew.com\/de\/fuer-investoren\/#breadcrumb","itemListElement":[{"@type":"ListItem","position":1,"name":"Home","item":"https:\/\/elariadew.com\/de\/hauptseite\/"},{"@type":"ListItem","position":2,"name":"F\u00fcr Investoren"}]},{"@type":"WebSite","@id":"https:\/\/elariadew.com\/de\/#website","url":"https:\/\/elariadew.com\/de\/","name":"Elaria Dew","description":"","publisher":{"@id":"https:\/\/elariadew.com\/de\/#organization"},"potentialAction":[{"@type":"SearchAction","target":{"@type":"EntryPoint","urlTemplate":"https:\/\/elariadew.com\/de\/?s={search_term_string}"},"query-input":{"@type":"PropertyValueSpecification","valueRequired":true,"valueName":"search_term_string"}}],"inLanguage":"de"},{"@type":"Organization","@id":"https:\/\/elariadew.com\/de\/#organization","name":"Elaria Dew","url":"https:\/\/elariadew.com\/de\/","logo":{"@type":"ImageObject","inLanguage":"de","@id":"https:\/\/elariadew.com\/de\/#\/schema\/logo\/image\/","url":"https:\/\/elariadew.com\/wp-content\/uploads\/2025\/07\/elariadew_logo_black_720.png","contentUrl":"https:\/\/elariadew.com\/wp-content\/uploads\/2025\/07\/elariadew_logo_black_720.png","width":720,"height":556,"caption":"Elaria Dew"},"image":{"@id":"https:\/\/elariadew.com\/de\/#\/schema\/logo\/image\/"}}]}},"_links":{"self":[{"href":"https:\/\/elariadew.com\/de\/wp-json\/wp\/v2\/pages\/278","targetHints":{"allow":["GET"]}}],"collection":[{"href":"https:\/\/elariadew.com\/de\/wp-json\/wp\/v2\/pages"}],"about":[{"href":"https:\/\/elariadew.com\/de\/wp-json\/wp\/v2\/types\/page"}],"author":[{"embeddable":true,"href":"https:\/\/elariadew.com\/de\/wp-json\/wp\/v2\/users\/2"}],"replies":[{"embeddable":true,"href":"https:\/\/elariadew.com\/de\/wp-json\/wp\/v2\/comments?post=278"}],"version-history":[{"count":11,"href":"https:\/\/elariadew.com\/de\/wp-json\/wp\/v2\/pages\/278\/revisions"}],"predecessor-version":[{"id":417,"href":"https:\/\/elariadew.com\/de\/wp-json\/wp\/v2\/pages\/278\/revisions\/417"}],"wp:attachment":[{"href":"https:\/\/elariadew.com\/de\/wp-json\/wp\/v2\/media?parent=278"}],"curies":[{"name":"wp","href":"https:\/\/api.w.org\/{rel}","templated":true}]}}